{"id":14,"date":"2021-11-21T15:14:19","date_gmt":"2021-11-21T18:14:19","guid":{"rendered":"https:\/\/apamaule.cl\/?page_id=14"},"modified":"2023-02-08T00:46:03","modified_gmt":"2023-02-08T03:46:03","slug":"about","status":"publish","type":"page","link":"https:\/\/apamaule.cl\/?page_id=14","title":{"rendered":"Quienes Somos"},"content":{"rendered":"\t\t<div data-elementor-type=\"wp-page\" data-elementor-id=\"14\" class=\"elementor elementor-14\">\n\t\t\t\t\t\t\t\t\t<section class=\"elementor-section elementor-top-section elementor-element elementor-element-c8ddeb6 elementor-section-height-min-height elementor-section-boxed elementor-section-height-default elementor-section-items-middle\" data-id=\"c8ddeb6\" data-element_type=\"section\" data-settings=\"{&quot;background_background&quot;:&quot;classic&quot;}\">\n\t\t\t\t\t\t\t<div class=\"elementor-background-overlay\"><\/div>\n\t\t\t\t\t\t\t<div class=\"elementor-container elementor-column-gap-default\">\n\t\t\t\t\t<div class=\"elementor-column elementor-col-100 elementor-top-column elementor-element elementor-element-6a5337e\" data-id=\"6a5337e\" data-element_type=\"column\">\n\t\t\t<div class=\"elementor-widget-wrap elementor-element-populated\">\n\t\t\t\t\t\t\t\t<div class=\"elementor-element elementor-element-84cf17b elementor-widget elementor-widget-image\" data-id=\"84cf17b\" data-element_type=\"widget\" data-widget_type=\"image.default\">\n\t\t\t\t<div class=\"elementor-widget-container\">\n\t\t\t<style>\/*! elementor - v3.8.1 - 13-11-2022 *\/\n.elementor-widget-image{text-align:center}.elementor-widget-image a{display:inline-block}.elementor-widget-image a img[src$=\".svg\"]{width:48px}.elementor-widget-image img{vertical-align:middle;display:inline-block}<\/style>\t\t\t\t\t\t\t\t\t\t\t\t<img loading=\"lazy\" decoding=\"async\" width=\"625\" height=\"411\" src=\"https:\/\/apamaule.cl\/wp-content\/uploads\/2023\/02\/Untitled-1-01.png\" class=\"attachment-large size-large\" alt=\"\" srcset=\"https:\/\/apamaule.cl\/wp-content\/uploads\/2023\/02\/Untitled-1-01.png 625w, https:\/\/apamaule.cl\/wp-content\/uploads\/2023\/02\/Untitled-1-01-300x197.png 300w\" sizes=\"auto, (max-width: 625px) 100vw, 625px\" \/>\t\t\t\t\t\t\t\t\t\t\t\t\t\t\t<\/div>\n\t\t\t\t<\/div>\n\t\t\t\t\t<\/div>\n\t\t<\/div>\n\t\t\t\t\t\t\t<\/div>\n\t\t<\/section>\n\t\t\t\t<section class=\"elementor-section elementor-top-section elementor-element elementor-element-034f786 elementor-section-boxed elementor-section-height-default elementor-section-height-default\" data-id=\"034f786\" data-element_type=\"section\">\n\t\t\t\t\t\t<div class=\"elementor-container elementor-column-gap-default\">\n\t\t\t\t\t<div class=\"elementor-column elementor-col-100 elementor-top-column elementor-element elementor-element-ba0c118\" data-id=\"ba0c118\" data-element_type=\"column\">\n\t\t\t<div class=\"elementor-widget-wrap elementor-element-populated\">\n\t\t\t\t\t\t\t\t<div class=\"elementor-element elementor-element-3dc998b elementor-widget elementor-widget-heading\" data-id=\"3dc998b\" data-element_type=\"widget\" data-widget_type=\"heading.default\">\n\t\t\t\t<div class=\"elementor-widget-container\">\n\t\t\t<style>\/*! elementor - v3.8.1 - 13-11-2022 *\/\n.elementor-heading-title{padding:0;margin:0;line-height:1}.elementor-widget-heading .elementor-heading-title[class*=elementor-size-]>a{color:inherit;font-size:inherit;line-height:inherit}.elementor-widget-heading .elementor-heading-title.elementor-size-small{font-size:15px}.elementor-widget-heading .elementor-heading-title.elementor-size-medium{font-size:19px}.elementor-widget-heading .elementor-heading-title.elementor-size-large{font-size:29px}.elementor-widget-heading .elementor-heading-title.elementor-size-xl{font-size:39px}.elementor-widget-heading .elementor-heading-title.elementor-size-xxl{font-size:59px}<\/style><h4 class=\"elementor-heading-title elementor-size-default\">La Agrupaci\u00f3n de Productores Agroecol\u00f3gicos de Maule APAM es una asociaci\u00f3n creada para ayudar a los agricultores en la transici\u00f3n hacia una agricultura consciente, donde el productor entiende que no solo vende un producto, sino que tambien es responsable del medio ambiente y la salud de sus colaboradores y de sus consumidores y que por lo tanto el uso de agrotoxicos debe ser eliminado.<\/h4>\t\t<\/div>\n\t\t\t\t<\/div>\n\t\t\t\t<div class=\"elementor-element elementor-element-9fdb291 elementor-widget elementor-widget-image\" data-id=\"9fdb291\" data-element_type=\"widget\" data-widget_type=\"image.default\">\n\t\t\t\t<div class=\"elementor-widget-container\">\n\t\t\t\t\t\t\t\t\t\t\t\t\t\t\t<img loading=\"lazy\" decoding=\"async\" width=\"1280\" height=\"960\" src=\"https:\/\/apamaule.cl\/wp-content\/uploads\/2022\/12\/WhatsApp-Image-2022-12-11-at-4.15.59-PM.jpeg\" class=\"attachment-full size-full\" alt=\"\" srcset=\"https:\/\/apamaule.cl\/wp-content\/uploads\/2022\/12\/WhatsApp-Image-2022-12-11-at-4.15.59-PM.jpeg 1280w, https:\/\/apamaule.cl\/wp-content\/uploads\/2022\/12\/WhatsApp-Image-2022-12-11-at-4.15.59-PM-300x225.jpeg 300w, https:\/\/apamaule.cl\/wp-content\/uploads\/2022\/12\/WhatsApp-Image-2022-12-11-at-4.15.59-PM-1024x768.jpeg 1024w, https:\/\/apamaule.cl\/wp-content\/uploads\/2022\/12\/WhatsApp-Image-2022-12-11-at-4.15.59-PM-768x576.jpeg 768w\" sizes=\"auto, (max-width: 1280px) 100vw, 1280px\" \/>\t\t\t\t\t\t\t\t\t\t\t\t\t\t\t<\/div>\n\t\t\t\t<\/div>\n\t\t\t\t<div class=\"elementor-element elementor-element-85ec407 elementor-widget elementor-widget-heading\" data-id=\"85ec407\" data-element_type=\"widget\" data-widget_type=\"heading.default\">\n\t\t\t\t<div class=\"elementor-widget-container\">\n\t\t\t<h2 class=\"elementor-heading-title elementor-size-default\">Que hacemos<\/h2>\t\t<\/div>\n\t\t\t\t<\/div>\n\t\t\t\t<div class=\"elementor-element elementor-element-c7cf9a4 elementor-widget elementor-widget-text-editor\" data-id=\"c7cf9a4\" data-element_type=\"widget\" data-widget_type=\"text-editor.default\">\n\t\t\t\t<div class=\"elementor-widget-container\">\n\t\t\t<style>\/*! elementor - v3.8.1 - 13-11-2022 *\/\n.elementor-widget-text-editor.elementor-drop-cap-view-stacked .elementor-drop-cap{background-color:#818a91;color:#fff}.elementor-widget-text-editor.elementor-drop-cap-view-framed .elementor-drop-cap{color:#818a91;border:3px solid;background-color:transparent}.elementor-widget-text-editor:not(.elementor-drop-cap-view-default) .elementor-drop-cap{margin-top:8px}.elementor-widget-text-editor:not(.elementor-drop-cap-view-default) .elementor-drop-cap-letter{width:1em;height:1em}.elementor-widget-text-editor .elementor-drop-cap{float:left;text-align:center;line-height:1;font-size:50px}.elementor-widget-text-editor .elementor-drop-cap-letter{display:inline-block}<\/style>\t\t\t\t<ul><li>Promovemos la Agroecolog\u00eda, la alimentaci\u00f3n sana y la protecci\u00f3n del Medio Ambiente.<\/li><li>Apoyamos a la micro y peque\u00f1a agricultura en el proceso de transici\u00f3n a la Agroecolog\u00eda.<\/li><li>Incentivamos la transferencia tecnol\u00f3gica entre productores y entidades t\u00e9cnicas pertinentes.<\/li><li>Realizamos y\/o apoyar actividades y proyectos educacionales, culturales y econ\u00f3micos que aporten a la masificaci\u00f3n de la Agroecolog\u00eda.<\/li><\/ul>\t\t\t\t\t\t<\/div>\n\t\t\t\t<\/div>\n\t\t\t\t\t<\/div>\n\t\t<\/div>\n\t\t\t\t\t\t\t<\/div>\n\t\t<\/section>\n\t\t\t\t<section class=\"elementor-section elementor-top-section elementor-element elementor-element-69fa554 elementor-section-boxed elementor-section-height-default elementor-section-height-default\" data-id=\"69fa554\" data-element_type=\"section\">\n\t\t\t\t\t\t<div class=\"elementor-container elementor-column-gap-default\">\n\t\t\t\t\t<div class=\"elementor-column elementor-col-50 elementor-top-column elementor-element elementor-element-2947c80\" data-id=\"2947c80\" data-element_type=\"column\">\n\t\t\t<div class=\"elementor-widget-wrap elementor-element-populated\">\n\t\t\t\t\t\t\t\t<div class=\"elementor-element elementor-element-fb5aabf elementor-widget elementor-widget-image\" data-id=\"fb5aabf\" data-element_type=\"widget\" data-widget_type=\"image.default\">\n\t\t\t\t<div class=\"elementor-widget-container\">\n\t\t\t\t\t\t\t\t\t\t\t\t\t\t\t<img loading=\"lazy\" decoding=\"async\" width=\"1024\" height=\"768\" src=\"https:\/\/apamaule.cl\/wp-content\/uploads\/2022\/12\/WhatsApp-Image-2022-12-11-at-4.16.18-PM-1024x768.jpeg\" class=\"attachment-large size-large\" alt=\"\" srcset=\"https:\/\/apamaule.cl\/wp-content\/uploads\/2022\/12\/WhatsApp-Image-2022-12-11-at-4.16.18-PM-1024x768.jpeg 1024w, https:\/\/apamaule.cl\/wp-content\/uploads\/2022\/12\/WhatsApp-Image-2022-12-11-at-4.16.18-PM-300x225.jpeg 300w, https:\/\/apamaule.cl\/wp-content\/uploads\/2022\/12\/WhatsApp-Image-2022-12-11-at-4.16.18-PM-768x576.jpeg 768w, https:\/\/apamaule.cl\/wp-content\/uploads\/2022\/12\/WhatsApp-Image-2022-12-11-at-4.16.18-PM.jpeg 1280w\" sizes=\"auto, (max-width: 1024px) 100vw, 1024px\" \/>\t\t\t\t\t\t\t\t\t\t\t\t\t\t\t<\/div>\n\t\t\t\t<\/div>\n\t\t\t\t\t<\/div>\n\t\t<\/div>\n\t\t\t\t<div class=\"elementor-column elementor-col-50 elementor-top-column elementor-element elementor-element-2b9adef\" data-id=\"2b9adef\" data-element_type=\"column\">\n\t\t\t<div class=\"elementor-widget-wrap elementor-element-populated\">\n\t\t\t\t\t\t\t\t<div class=\"elementor-element elementor-element-6421613 elementor-widget elementor-widget-image\" data-id=\"6421613\" data-element_type=\"widget\" data-widget_type=\"image.default\">\n\t\t\t\t<div class=\"elementor-widget-container\">\n\t\t\t\t\t\t\t\t\t\t\t\t\t\t\t<img loading=\"lazy\" decoding=\"async\" width=\"1024\" height=\"768\" src=\"https:\/\/apamaule.cl\/wp-content\/uploads\/2022\/12\/WhatsApp-Image-2022-12-11-at-4.16.39-PM-1024x768.jpeg\" class=\"attachment-large size-large\" alt=\"\" srcset=\"https:\/\/apamaule.cl\/wp-content\/uploads\/2022\/12\/WhatsApp-Image-2022-12-11-at-4.16.39-PM-1024x768.jpeg 1024w, https:\/\/apamaule.cl\/wp-content\/uploads\/2022\/12\/WhatsApp-Image-2022-12-11-at-4.16.39-PM-300x225.jpeg 300w, https:\/\/apamaule.cl\/wp-content\/uploads\/2022\/12\/WhatsApp-Image-2022-12-11-at-4.16.39-PM-768x576.jpeg 768w, https:\/\/apamaule.cl\/wp-content\/uploads\/2022\/12\/WhatsApp-Image-2022-12-11-at-4.16.39-PM.jpeg 1280w\" sizes=\"auto, (max-width: 1024px) 100vw, 1024px\" \/>\t\t\t\t\t\t\t\t\t\t\t\t\t\t\t<\/div>\n\t\t\t\t<\/div>\n\t\t\t\t\t<\/div>\n\t\t<\/div>\n\t\t\t\t\t\t\t<\/div>\n\t\t<\/section>\n\t\t\t\t\t\t\t<\/div>\n\t\t","protected":false},"excerpt":{"rendered":"<p>La Agrupaci\u00f3n de Productores Agroecol\u00f3gicos de Maule APAM es una asociaci\u00f3n creada para ayudar a los agricultores en la transici\u00f3n hacia una agricultura consciente, donde el productor entiende que no solo vende un producto, sino que tambien es responsable del medio ambiente y la salud de sus colaboradores y de sus consumidores y que por &hellip;<\/p>\n<p class=\"read-more\"> <a class=\"\" href=\"https:\/\/apamaule.cl\/?page_id=14\"> <span class=\"screen-reader-text\">Quienes Somos<\/span> Read More &raquo;<\/a><\/p>\n","protected":false},"author":1,"featured_media":0,"parent":0,"menu_order":0,"comment_status":"closed","ping_status":"closed","template":"","meta":{"site-sidebar-layout":"no-sidebar","site-content-layout":"page-builder","ast-global-header-display":"","ast-main-header-display":"","ast-hfb-above-header-display":"","ast-hfb-below-header-display":"","ast-hfb-mobile-header-display":"","site-post-title":"disabled","ast-breadcrumbs-content":"","ast-featured-img":"disabled","footer-sml-layout":"","theme-transparent-header-meta":"enabled","adv-header-id-meta":"","stick-header-meta":"","header-above-stick-meta":"","header-main-stick-meta":"","header-below-stick-meta":"","_joinchat":[],"footnotes":""},"class_list":["post-14","page","type-page","status-publish","hentry"],"_links":{"self":[{"href":"https:\/\/apamaule.cl\/index.php?rest_route=\/wp\/v2\/pages\/14","targetHints":{"allow":["GET"]}}],"collection":[{"href":"https:\/\/apamaule.cl\/index.php?rest_route=\/wp\/v2\/pages"}],"about":[{"href":"https:\/\/apamaule.cl\/index.php?rest_route=\/wp\/v2\/types\/page"}],"author":[{"embeddable":true,"href":"https:\/\/apamaule.cl\/index.php?rest_route=\/wp\/v2\/users\/1"}],"replies":[{"embeddable":true,"href":"https:\/\/apamaule.cl\/index.php?rest_route=%2Fwp%2Fv2%2Fcomments&post=14"}],"version-history":[{"count":17,"href":"https:\/\/apamaule.cl\/index.php?rest_route=\/wp\/v2\/pages\/14\/revisions"}],"predecessor-version":[{"id":1606,"href":"https:\/\/apamaule.cl\/index.php?rest_route=\/wp\/v2\/pages\/14\/revisions\/1606"}],"wp:attachment":[{"href":"https:\/\/apamaule.cl\/index.php?rest_route=%2Fwp%2Fv2%2Fmedia&parent=14"}],"curies":[{"name":"wp","href":"https:\/\/api.w.org\/{rel}","templated":true}]}}